{"id":722,"date":"2023-12-17T11:53:18","date_gmt":"2023-12-17T11:53:18","guid":{"rendered":"http:\/\/vasterastaekwondo.se\/?page_id=722"},"modified":"2025-04-04T10:44:49","modified_gmt":"2025-04-04T08:44:49","slug":"klubbshop","status":"publish","type":"page","link":"https:\/\/vasterastaekwondo.se\/?page_id=722","title":{"rendered":"Klubbshop"},"content":{"rendered":"\t\t<div data-elementor-type=\"wp-page\" data-elementor-id=\"722\" class=\"elementor elementor-722\">\n\t\t\t\t\t\t<section class=\"elementor-section elementor-top-section elementor-element elementor-element-676f307 elementor-section-boxed elementor-section-height-default elementor-section-height-default\" data-id=\"676f307\" data-element_type=\"section\" data-settings=\"{&quot;background_background&quot;:&quot;classic&quot;}\">\n\t\t\t\t\t\t\t<div class=\"elementor-background-overlay\"><\/div>\n\t\t\t\t\t\t\t<div class=\"elementor-container elementor-column-gap-no\">\n\t\t\t\t\t<div class=\"elementor-column elementor-col-100 elementor-top-column elementor-element elementor-element-cfd909f\" data-id=\"cfd909f\" data-element_type=\"column\">\n\t\t\t<div class=\"elementor-widget-wrap elementor-element-populated\">\n\t\t\t\t\t\t<div class=\"elementor-element elementor-element-fd6730a elementor-widget elementor-widget-heading\" data-id=\"fd6730a\" data-element_type=\"widget\" data-widget_type=\"heading.default\">\n\t\t\t\t<div class=\"elementor-widget-container\">\n\t\t\t\t\t<h1 class=\"elementor-heading-title elementor-size-default\">Klubbshop<\/h1>\t\t\t\t<\/div>\n\t\t\t\t<\/div>\n\t\t\t\t\t<\/div>\n\t\t<\/div>\n\t\t\t\t\t<\/div>\n\t\t<\/section>\n\t\t<div class=\"elementor-element elementor-element-7ca14e3 e-flex e-con-boxed e-con e-parent\" data-id=\"7ca14e3\" data-element_type=\"container\" data-settings=\"{&quot;background_background&quot;:&quot;classic&quot;}\">\n\t\t\t\t\t<div class=\"e-con-inner\">\n\t\t\t\t<div class=\"elementor-element elementor-element-09aeff6 elementor-widget elementor-widget-spacer\" data-id=\"09aeff6\" data-element_type=\"widget\" data-widget_type=\"spacer.default\">\n\t\t\t\t<div class=\"elementor-widget-container\">\n\t\t\t\t\t\t\t<div class=\"elementor-spacer\">\n\t\t\t<div class=\"elementor-spacer-inner\"><\/div>\n\t\t<\/div>\n\t\t\t\t\t\t<\/div>\n\t\t\t\t<\/div>\n\t\t\t\t\t<\/div>\n\t\t\t\t<\/div>\n\t\t<div class=\"elementor-element elementor-element-9158eb7 e-flex e-con-boxed e-con e-parent\" data-id=\"9158eb7\" data-element_type=\"container\" data-settings=\"{&quot;background_background&quot;:&quot;classic&quot;}\">\n\t\t\t\t\t<div class=\"e-con-inner\">\n\t\t\t\t<div class=\"elementor-element elementor-element-133e13d elementor-widget-divider--view-line elementor-widget elementor-widget-divider\" data-id=\"133e13d\" data-element_type=\"widget\" data-widget_type=\"divider.default\">\n\t\t\t\t<div class=\"elementor-widget-container\">\n\t\t\t\t\t\t\t<div class=\"elementor-divider\">\n\t\t\t<span class=\"elementor-divider-separator\">\n\t\t\t\t\t\t<\/span>\n\t\t<\/div>\n\t\t\t\t\t\t<\/div>\n\t\t\t\t<\/div>\n\t\t\t\t\t<\/div>\n\t\t\t\t<\/div>\n\t\t<div class=\"elementor-element elementor-element-5bb8bca e-flex e-con-boxed e-con e-parent\" data-id=\"5bb8bca\" data-element_type=\"container\" data-settings=\"{&quot;background_background&quot;:&quot;classic&quot;}\">\n\t\t\t\t\t<div class=\"e-con-inner\">\n\t\t<div class=\"elementor-element elementor-element-e1b433d e-con-full e-flex e-con e-child\" data-id=\"e1b433d\" data-element_type=\"container\" data-settings=\"{&quot;background_background&quot;:&quot;classic&quot;}\">\n\t\t\t\t<div class=\"elementor-element elementor-element-4f21658 elementor-widget elementor-widget-heading\" data-id=\"4f21658\" data-element_type=\"widget\" data-widget_type=\"heading.default\">\n\t\t\t\t<div class=\"elementor-widget-container\">\n\t\t\t\t\t<h2 class=\"elementor-heading-title elementor-size-default\">Profilkl\u00e4der<\/h2>\t\t\t\t<\/div>\n\t\t\t\t<\/div>\n\t\t\t\t<div class=\"elementor-element elementor-element-2f09ac8 elementor-widget elementor-widget-text-editor\" data-id=\"2f09ac8\" data-element_type=\"widget\" data-widget_type=\"text-editor.default\">\n\t\t\t\t<div class=\"elementor-widget-container\">\n\t\t\t\t\t\t\t\t\t<p><span style=\"color: #000000;\">Profilkl\u00e4der med klubbm\u00e4rket g\u00e5r att k\u00f6pa via Stadium.<\/span><br \/><span style=\"color: #000000;\">Klicka <a style=\"color: #000000;\" href=\"https:\/\/www.stadium.se\/foreningar\/2116741\" target=\"_blank\" rel=\"noopener\">h\u00e4r<\/a> f\u00f6r att komma till Stadiums webshop.<\/span><\/p><p><span style=\"color: #000000;\">F\u00f6r att prova kl\u00e4der s\u00e5 h\u00e4nvisar vi er till Stadium Erikslund. S\u00e4g till i kassan p\u00e5 bottenv\u00e5ningen f\u00f6r att f\u00e5 komma in i provrummet.<\/span><\/p><p>\u00a0<\/p><p>F\u00f6r k\u00f6p av dobok eller skydd s\u00e5 h\u00e4nvisar vi till n\u00e5got utav f\u00f6retagen nedan.<\/p>\t\t\t\t\t\t\t\t<\/div>\n\t\t\t\t<\/div>\n\t\t\t\t<\/div>\n\t\t<div class=\"elementor-element elementor-element-b792d01 e-con-full e-flex e-con e-child\" data-id=\"b792d01\" data-element_type=\"container\" data-settings=\"{&quot;background_background&quot;:&quot;classic&quot;}\">\n\t\t\t\t<div class=\"elementor-element elementor-element-b492468 elementor-widget elementor-widget-image\" data-id=\"b492468\" data-element_type=\"widget\" data-widget_type=\"image.default\">\n\t\t\t\t<div class=\"elementor-widget-container\">\n\t\t\t\t\t\t\t\t\t\t\t\t\t\t\t\t<a href=\"https:\/\/www.stadium.se\/foreningar\/2116741\" target=\"_blank\">\n\t\t\t\t\t\t\t<img decoding=\"async\" src=\"http:\/\/vasterastaekwondo.se\/wp-content\/uploads\/2023\/12\/vtk_klader.jpg\" title=\"\" alt=\"\" loading=\"lazy\" \/>\t\t\t\t\t\t\t\t<\/a>\n\t\t\t\t\t\t\t\t\t\t\t\t\t\t\t<\/div>\n\t\t\t\t<\/div>\n\t\t\t\t<\/div>\n\t\t\t\t\t<\/div>\n\t\t\t\t<\/div>\n\t\t<div class=\"elementor-element elementor-element-6870edc e-flex e-con-boxed e-con e-parent\" data-id=\"6870edc\" data-element_type=\"container\" data-settings=\"{&quot;background_background&quot;:&quot;classic&quot;}\">\n\t\t\t\t\t<div class=\"e-con-inner\">\n\t\t\t\t<div class=\"elementor-element elementor-element-9c7eb03 elementor-widget-divider--view-line elementor-widget elementor-widget-divider\" data-id=\"9c7eb03\" data-element_type=\"widget\" data-widget_type=\"divider.default\">\n\t\t\t\t<div class=\"elementor-widget-container\">\n\t\t\t\t\t\t\t<div class=\"elementor-divider\">\n\t\t\t<span class=\"elementor-divider-separator\">\n\t\t\t\t\t\t<\/span>\n\t\t<\/div>\n\t\t\t\t\t\t<\/div>\n\t\t\t\t<\/div>\n\t\t\t\t<div class=\"elementor-element elementor-element-ef66934 elementor-widget elementor-widget-heading\" data-id=\"ef66934\" data-element_type=\"widget\" data-widget_type=\"heading.default\">\n\t\t\t\t<div class=\"elementor-widget-container\">\n\t\t\t\t\t<h3 class=\"elementor-heading-title elementor-size-default\">Medlemsrabatter<\/h3>\t\t\t\t<\/div>\n\t\t\t\t<\/div>\n\t\t\t\t\t<\/div>\n\t\t\t\t<\/div>\n\t\t<div class=\"elementor-element elementor-element-ec86def e-flex e-con-boxed e-con e-parent\" data-id=\"ec86def\" data-element_type=\"container\" data-settings=\"{&quot;background_background&quot;:&quot;classic&quot;}\">\n\t\t\t\t\t<div class=\"e-con-inner\">\n\t\t\t\t<div class=\"elementor-element elementor-element-a801931 elementor-widget elementor-widget-text-editor\" data-id=\"a801931\" data-element_type=\"widget\" data-widget_type=\"text-editor.default\">\n\t\t\t\t<div class=\"elementor-widget-container\">\n\t\t\t\t\t\t\t\t\t<p>Nedanst\u00e5ende f\u00f6retag \u00e4r gener\u00f6sa och erbjuder samtliga medlemmar en rabatt vid k\u00f6p.<\/p>\t\t\t\t\t\t\t\t<\/div>\n\t\t\t\t<\/div>\n\t\t\t\t\t<\/div>\n\t\t\t\t<\/div>\n\t\t<div class=\"elementor-element elementor-element-34554f4 e-flex e-con-boxed e-con e-parent\" data-id=\"34554f4\" data-element_type=\"container\" data-settings=\"{&quot;background_background&quot;:&quot;classic&quot;}\">\n\t\t\t\t\t<div class=\"e-con-inner\">\n\t\t<div class=\"elementor-element elementor-element-e3da817 e-con-full e-flex e-con e-child\" data-id=\"e3da817\" data-element_type=\"container\">\n\t\t\t\t<div class=\"elementor-element elementor-element-dc8b631 elementor-widget elementor-widget-image\" data-id=\"dc8b631\" data-element_type=\"widget\" data-widget_type=\"image.default\">\n\t\t\t\t<div class=\"elementor-widget-container\">\n\t\t\t\t\t\t\t\t\t\t\t\t\t\t\t\t<a href=\"http:\/\/www.logama.se\" target=\"_blank\">\n\t\t\t\t\t\t\t<img decoding=\"async\" width=\"455\" height=\"56\" src=\"https:\/\/vasterastaekwondo.se\/wp-content\/uploads\/2023\/12\/logo_logama.jpg\" class=\"elementor-animation-grow attachment-large size-large wp-image-738\" alt=\"\" srcset=\"https:\/\/vasterastaekwondo.se\/wp-content\/uploads\/2023\/12\/logo_logama.jpg 455w, https:\/\/vasterastaekwondo.se\/wp-content\/uploads\/2023\/12\/logo_logama-300x37.jpg 300w\" sizes=\"(max-width: 455px) 100vw, 455px\" \/>\t\t\t\t\t\t\t\t<\/a>\n\t\t\t\t\t\t\t\t\t\t\t\t\t\t\t<\/div>\n\t\t\t\t<\/div>\n\t\t\t\t<\/div>\n\t\t<div class=\"elementor-element elementor-element-02d1931 e-con-full e-flex e-con e-child\" data-id=\"02d1931\" data-element_type=\"container\">\n\t\t\t\t<div class=\"elementor-element elementor-element-dfa4789 elementor-widget elementor-widget-image\" data-id=\"dfa4789\" data-element_type=\"widget\" data-widget_type=\"image.default\">\n\t\t\t\t<div class=\"elementor-widget-container\">\n\t\t\t\t\t\t\t\t\t\t\t\t\t\t\t\t<a href=\"https:\/\/budofitness.se\/\" target=\"_blank\">\n\t\t\t\t\t\t\t<img fetchpriority=\"high\" decoding=\"async\" width=\"1024\" height=\"225\" src=\"https:\/\/vasterastaekwondo.se\/wp-content\/uploads\/2024\/02\/BudoFitness-1024x225.png\" class=\"elementor-animation-grow attachment-large size-large wp-image-1835\" alt=\"\" srcset=\"https:\/\/vasterastaekwondo.se\/wp-content\/uploads\/2024\/02\/BudoFitness-1024x225.png 1024w, https:\/\/vasterastaekwondo.se\/wp-content\/uploads\/2024\/02\/BudoFitness-300x66.png 300w, https:\/\/vasterastaekwondo.se\/wp-content\/uploads\/2024\/02\/BudoFitness-768x168.png 768w, https:\/\/vasterastaekwondo.se\/wp-content\/uploads\/2024\/02\/BudoFitness.png 1277w\" sizes=\"(max-width: 1024px) 100vw, 1024px\" \/>\t\t\t\t\t\t\t\t<\/a>\n\t\t\t\t\t\t\t\t\t\t\t\t\t\t\t<\/div>\n\t\t\t\t<\/div>\n\t\t\t\t<\/div>\n\t\t\t\t\t<\/div>\n\t\t\t\t<\/div>\n\t\t<div class=\"elementor-element elementor-element-3ad73fe e-flex e-con-boxed e-con e-parent\" data-id=\"3ad73fe\" data-element_type=\"container\" data-settings=\"{&quot;background_background&quot;:&quot;classic&quot;}\">\n\t\t\t\t\t<div class=\"e-con-inner\">\n\t\t\t\t<div class=\"elementor-element elementor-element-eb8d6c9 elementor-widget-divider--view-line elementor-widget elementor-widget-divider\" data-id=\"eb8d6c9\" data-element_type=\"widget\" data-widget_type=\"divider.default\">\n\t\t\t\t<div class=\"elementor-widget-container\">\n\t\t\t\t\t\t\t<div class=\"elementor-divider\">\n\t\t\t<span class=\"elementor-divider-separator\">\n\t\t\t\t\t\t<\/span>\n\t\t<\/div>\n\t\t\t\t\t\t<\/div>\n\t\t\t\t<\/div>\n\t\t\t\t\t<\/div>\n\t\t\t\t<\/div>\n\t\t\t\t<\/div>\n\t\t","protected":false},"excerpt":{"rendered":"<p>Klubbshop Profilkl\u00e4der Profilkl\u00e4der med klubbm\u00e4rket g\u00e5r att k\u00f6pa via Stadium.Klicka h\u00e4r f\u00f6r att komma till Stadiums webshop. F\u00f6r att prova kl\u00e4der s\u00e5 h\u00e4nvisar vi er till Stadium Erikslund. S\u00e4g till i kassan p\u00e5 bottenv\u00e5ningen f\u00f6r att f\u00e5 komma in i provrummet. \u00a0 F\u00f6r k\u00f6p av dobok eller skydd s\u00e5 h\u00e4nvisar vi till n\u00e5got utav f\u00f6retagen [&hellip;]<\/p>\n","protected":false},"author":1,"featured_media":0,"parent":0,"menu_order":0,"comment_status":"closed","ping_status":"closed","template":"","meta":{"site-sidebar-layout":"no-sidebar","site-content-layout":"page-builder","ast-site-content-layout":"full-width-container","site-content-style":"unboxed","site-sidebar-style":"unboxed","ast-global-header-display":"","ast-banner-title-visibility":"","ast-main-header-display":"","ast-hfb-above-header-display":"","ast-hfb-below-header-display":"","ast-hfb-mobile-header-display":"","site-post-title":"disabled","ast-breadcrumbs-content":"disabled","ast-featured-img":"disabled","footer-sml-layout":"","theme-transparent-header-meta":"enabled","adv-header-id-meta":"","stick-header-meta":"","header-above-stick-meta":"","header-main-stick-meta":"","header-below-stick-meta":"","astra-migrate-meta-layouts":"set","ast-page-background-enabled":"default","ast-page-background-meta":{"desktop":{"background-color":"var(--ast-global-color-4)","background-image":"","background-repeat":"repeat","background-position":"center center","background-size":"auto","background-attachment":"scroll","background-type":"","background-media":"","overlay-type":"","overlay-color":"","overlay-gradient":""},"tablet":{"background-color":"","background-image":"","background-repeat":"repeat","background-position":"center center","background-size":"auto","background-attachment":"scroll","background-type":"","background-media":"","overlay-type":"","overlay-color":"","overlay-gradient":""},"mobile":{"background-color":"","background-image":"","background-repeat":"repeat","background-position":"center center","background-size":"auto","background-attachment":"scroll","background-type":"","background-media":"","overlay-type":"","overlay-color":"","overlay-gradient":""}},"ast-content-background-meta":{"desktop":{"background-color":"var(--ast-global-color-5)","background-image":"","background-repeat":"repeat","background-position":"center center","background-size":"auto","background-attachment":"scroll","background-type":"","background-media":"","overlay-type":"","overlay-color":"","overlay-gradient":""},"tablet":{"background-color":"var(--ast-global-color-5)","background-image":"","background-repeat":"repeat","background-position":"center center","background-size":"auto","background-attachment":"scroll","background-type":"","background-media":"","overlay-type":"","overlay-color":"","overlay-gradient":""},"mobile":{"background-color":"var(--ast-global-color-5)","background-image":"","background-repeat":"repeat","background-position":"center center","background-size":"auto","background-attachment":"scroll","background-type":"","background-media":"","overlay-type":"","overlay-color":"","overlay-gradient":""}},"footnotes":""},"class_list":["post-722","page","type-page","status-publish","hentry"],"_links":{"self":[{"href":"https:\/\/vasterastaekwondo.se\/index.php?rest_route=\/wp\/v2\/pages\/722","targetHints":{"allow":["GET"]}}],"collection":[{"href":"https:\/\/vasterastaekwondo.se\/index.php?rest_route=\/wp\/v2\/pages"}],"about":[{"href":"https:\/\/vasterastaekwondo.se\/index.php?rest_route=\/wp\/v2\/types\/page"}],"author":[{"embeddable":true,"href":"https:\/\/vasterastaekwondo.se\/index.php?rest_route=\/wp\/v2\/users\/1"}],"replies":[{"embeddable":true,"href":"https:\/\/vasterastaekwondo.se\/index.php?rest_route=%2Fwp%2Fv2%2Fcomments&post=722"}],"version-history":[{"count":9,"href":"https:\/\/vasterastaekwondo.se\/index.php?rest_route=\/wp\/v2\/pages\/722\/revisions"}],"predecessor-version":[{"id":3914,"href":"https:\/\/vasterastaekwondo.se\/index.php?rest_route=\/wp\/v2\/pages\/722\/revisions\/3914"}],"wp:attachment":[{"href":"https:\/\/vasterastaekwondo.se\/index.php?rest_route=%2Fwp%2Fv2%2Fmedia&parent=722"}],"curies":[{"name":"wp","href":"https:\/\/api.w.org\/{rel}","templated":true}]}}