{"id":686,"date":"2023-12-17T11:37:23","date_gmt":"2023-12-17T11:37:23","guid":{"rendered":"http:\/\/vasterastaekwondo.se\/?page_id=686"},"modified":"2024-08-02T07:16:41","modified_gmt":"2024-08-02T05:16:41","slug":"stod-oss","status":"publish","type":"page","link":"https:\/\/vasterastaekwondo.se\/?page_id=686","title":{"rendered":"St\u00f6d oss"},"content":{"rendered":"\t\t<div data-elementor-type=\"wp-page\" data-elementor-id=\"686\" class=\"elementor elementor-686\">\n\t\t\t\t\t\t<section class=\"elementor-section elementor-top-section elementor-element elementor-element-676f307 elementor-section-boxed elementor-section-height-default elementor-section-height-default\" data-id=\"676f307\" data-element_type=\"section\" data-settings=\"{&quot;background_background&quot;:&quot;classic&quot;}\">\n\t\t\t\t\t\t\t<div class=\"elementor-background-overlay\"><\/div>\n\t\t\t\t\t\t\t<div class=\"elementor-container elementor-column-gap-no\">\n\t\t\t\t\t<div class=\"elementor-column elementor-col-100 elementor-top-column elementor-element elementor-element-cfd909f\" data-id=\"cfd909f\" data-element_type=\"column\">\n\t\t\t<div class=\"elementor-widget-wrap elementor-element-populated\">\n\t\t\t\t\t\t<div class=\"elementor-element elementor-element-fd6730a elementor-widget elementor-widget-heading\" data-id=\"fd6730a\" data-element_type=\"widget\" data-widget_type=\"heading.default\">\n\t\t\t\t<div class=\"elementor-widget-container\">\n\t\t\t\t\t<h1 class=\"elementor-heading-title elementor-size-default\">St\u00f6d oss<\/h1>\t\t\t\t<\/div>\n\t\t\t\t<\/div>\n\t\t\t\t\t<\/div>\n\t\t<\/div>\n\t\t\t\t\t<\/div>\n\t\t<\/section>\n\t\t<div class=\"elementor-element elementor-element-7ca14e3 e-flex e-con-boxed e-con e-parent\" data-id=\"7ca14e3\" data-element_type=\"container\" data-settings=\"{&quot;background_background&quot;:&quot;classic&quot;}\">\n\t\t\t\t\t<div class=\"e-con-inner\">\n\t\t\t\t<div class=\"elementor-element elementor-element-09aeff6 elementor-widget elementor-widget-spacer\" data-id=\"09aeff6\" data-element_type=\"widget\" data-widget_type=\"spacer.default\">\n\t\t\t\t<div class=\"elementor-widget-container\">\n\t\t\t\t\t\t\t<div class=\"elementor-spacer\">\n\t\t\t<div class=\"elementor-spacer-inner\"><\/div>\n\t\t<\/div>\n\t\t\t\t\t\t<\/div>\n\t\t\t\t<\/div>\n\t\t\t\t\t<\/div>\n\t\t\t\t<\/div>\n\t\t<div class=\"elementor-element elementor-element-15b1275 e-flex e-con-boxed e-con e-parent\" data-id=\"15b1275\" data-element_type=\"container\" data-settings=\"{&quot;background_background&quot;:&quot;classic&quot;}\">\n\t\t\t\t\t<div class=\"e-con-inner\">\n\t\t\t\t<div class=\"elementor-element elementor-element-901ed0b elementor-widget elementor-widget-text-editor\" data-id=\"901ed0b\" data-element_type=\"widget\" data-widget_type=\"text-editor.default\">\n\t\t\t\t<div class=\"elementor-widget-container\">\n\t\t\t\t\t\t\t\t\t<h5>Som en liten ideel f\u00f6rening s\u00e5 \u00e4r vi tacksamma f\u00f6r all ekonomiskt st\u00f6d som vi kan f\u00e5 f\u00f6r att kunna utveckla v\u00e5r klubb.<\/h5><h5>Nedan finner ni hur ni kan st\u00f6dja oss p\u00e5 olika s\u00e4tt.<\/h5>\t\t\t\t\t\t\t\t<\/div>\n\t\t\t\t<\/div>\n\t\t\t\t\t<\/div>\n\t\t\t\t<\/div>\n\t\t<div class=\"elementor-element elementor-element-9158eb7 e-flex e-con-boxed e-con e-parent\" data-id=\"9158eb7\" data-element_type=\"container\" data-settings=\"{&quot;background_background&quot;:&quot;classic&quot;}\">\n\t\t\t\t\t<div class=\"e-con-inner\">\n\t\t\t\t<div class=\"elementor-element elementor-element-133e13d elementor-widget-divider--view-line elementor-widget elementor-widget-divider\" data-id=\"133e13d\" data-element_type=\"widget\" data-widget_type=\"divider.default\">\n\t\t\t\t<div class=\"elementor-widget-container\">\n\t\t\t\t\t\t\t<div class=\"elementor-divider\">\n\t\t\t<span class=\"elementor-divider-separator\">\n\t\t\t\t\t\t<\/span>\n\t\t<\/div>\n\t\t\t\t\t\t<\/div>\n\t\t\t\t<\/div>\n\t\t\t\t\t<\/div>\n\t\t\t\t<\/div>\n\t\t<div class=\"elementor-element elementor-element-98a37c3 e-flex e-con-boxed e-con e-parent\" data-id=\"98a37c3\" data-element_type=\"container\">\n\t\t\t\t\t<div class=\"e-con-inner\">\n\t\t<div class=\"elementor-element elementor-element-2889a0f e-con-full e-flex e-con e-child\" data-id=\"2889a0f\" data-element_type=\"container\">\n\t\t\t\t<div class=\"elementor-element elementor-element-32bcdd9 elementor-widget elementor-widget-image\" data-id=\"32bcdd9\" data-element_type=\"widget\" data-widget_type=\"image.default\">\n\t\t\t\t<div class=\"elementor-widget-container\">\n\t\t\t\t\t\t\t\t\t\t\t\t\t\t\t<img fetchpriority=\"high\" decoding=\"async\" width=\"198\" height=\"300\" src=\"https:\/\/vasterastaekwondo.se\/wp-content\/uploads\/2024\/02\/swish-QR-small-198x300.png\" class=\"attachment-medium size-medium wp-image-1792\" alt=\"\" srcset=\"https:\/\/vasterastaekwondo.se\/wp-content\/uploads\/2024\/02\/swish-QR-small-198x300.png 198w, https:\/\/vasterastaekwondo.se\/wp-content\/uploads\/2024\/02\/swish-QR-small.png 625w\" sizes=\"(max-width: 198px) 100vw, 198px\" \/>\t\t\t\t\t\t\t\t\t\t\t\t\t\t\t<\/div>\n\t\t\t\t<\/div>\n\t\t\t\t<\/div>\n\t\t<div class=\"elementor-element elementor-element-64c555a e-con-full e-flex e-con e-child\" data-id=\"64c555a\" data-element_type=\"container\">\n\t\t\t\t<div class=\"elementor-element elementor-element-259fd20 elementor-widget elementor-widget-text-editor\" data-id=\"259fd20\" data-element_type=\"widget\" data-widget_type=\"text-editor.default\">\n\t\t\t\t<div class=\"elementor-widget-container\">\n\t\t\t\t\t\t\t\t\t<p style=\"text-align: left;\">Vill ni st\u00f6dja oss ekonomiskt s\u00e5 \u00e4r vi v\u00e4ldigt tacksamma f\u00f6r alla bidrag. Stora som sm\u00e5.<\/p><p>Tack p\u00e5 f\u00f6rhand!<\/p>\t\t\t\t\t\t\t\t<\/div>\n\t\t\t\t<\/div>\n\t\t\t\t<\/div>\n\t\t\t\t\t<\/div>\n\t\t\t\t<\/div>\n\t\t<div class=\"elementor-element elementor-element-9ed0806 e-flex e-con-boxed e-con e-parent\" data-id=\"9ed0806\" data-element_type=\"container\" data-settings=\"{&quot;background_background&quot;:&quot;classic&quot;}\">\n\t\t\t\t\t<div class=\"e-con-inner\">\n\t\t<div class=\"elementor-element elementor-element-ded4360 e-con-full e-flex e-con e-child\" data-id=\"ded4360\" data-element_type=\"container\">\n\t\t\t\t<div class=\"elementor-element elementor-element-17c880a elementor-widget elementor-widget-image\" data-id=\"17c880a\" data-element_type=\"widget\" data-widget_type=\"image.default\">\n\t\t\t\t<div class=\"elementor-widget-container\">\n\t\t\t\t\t\t\t\t\t\t\t\t\t\t\t\t<a href=\"https:\/\/pantamera.nu\/sv\/privatperson\/var-kan-jag-panta\/pantamera-express\/\" target=\"_blank\">\n\t\t\t\t\t\t\t<img decoding=\"async\" width=\"300\" height=\"210\" src=\"https:\/\/vasterastaekwondo.se\/wp-content\/uploads\/2023\/12\/pantamera-300x210.jpg\" class=\"attachment-medium size-medium wp-image-692\" alt=\"\" srcset=\"https:\/\/vasterastaekwondo.se\/wp-content\/uploads\/2023\/12\/pantamera-300x210.jpg 300w, https:\/\/vasterastaekwondo.se\/wp-content\/uploads\/2023\/12\/pantamera.jpg 730w\" sizes=\"(max-width: 300px) 100vw, 300px\" \/>\t\t\t\t\t\t\t\t<\/a>\n\t\t\t\t\t\t\t\t\t\t\t\t\t\t\t<\/div>\n\t\t\t\t<\/div>\n\t\t\t\t<\/div>\n\t\t<div class=\"elementor-element elementor-element-99872ca e-con-full e-flex e-con e-child\" data-id=\"99872ca\" data-element_type=\"container\">\n\t\t\t\t<div class=\"elementor-element elementor-element-1c95252 elementor-widget elementor-widget-text-editor\" data-id=\"1c95252\" data-element_type=\"widget\" data-widget_type=\"text-editor.default\">\n\t\t\t\t<div class=\"elementor-widget-container\">\n\t\t\t\t\t\t\t\t\t<p>Vi \u00e4r anslutna till Pantamera, s\u00e5 om ni pantar era burkar och PET-flaskor i en Pantamera Express automat s\u00e5 kan ni v\u00e4lja att sk\u00e4nka panten till oss. Notera att f\u00f6reningar \u00e4ven f\u00e5r en pantavgift f\u00f6r importerade burkar.<\/p>\n<p>Pantamera Express automater finns i V\u00e4ster\u00e5s p\u00e5 \u00e5terbruken \u00c4ngsg\u00e4rdet samt B\u00e4ckby.<\/p>\n<p>Klicka <a href=\"https:\/\/pantamera.nu\/sv\/privatperson\/var-kan-jag-panta\/pantamera-express\/\" target=\"_blank\" rel=\"noopener\">h\u00e4r<\/a> f\u00f6r att se vart man kan finna Pantamera Express i \u00f6vriga landet.<\/p>\t\t\t\t\t\t\t\t<\/div>\n\t\t\t\t<\/div>\n\t\t\t\t<\/div>\n\t\t\t\t\t<\/div>\n\t\t\t\t<\/div>\n\t\t<div class=\"elementor-element elementor-element-f6fce13 e-flex e-con-boxed e-con e-parent\" data-id=\"f6fce13\" data-element_type=\"container\" data-settings=\"{&quot;background_background&quot;:&quot;classic&quot;}\">\n\t\t\t\t\t<div class=\"e-con-inner\">\n\t\t<div class=\"elementor-element elementor-element-b65c11c e-con-full e-flex e-con e-child\" data-id=\"b65c11c\" data-element_type=\"container\">\n\t\t\t\t<div class=\"elementor-element elementor-element-aa369df elementor-widget elementor-widget-image\" data-id=\"aa369df\" data-element_type=\"widget\" data-widget_type=\"image.default\">\n\t\t\t\t<div class=\"elementor-widget-container\">\n\t\t\t\t\t\t\t\t\t\t\t\t\t\t\t\t<a href=\"https:\/\/www.stadium.se\/INTERSHOP\/web\/WFS\/Stadium-SwedenB2C-Site\/sv_SE\/-\/SEK\/ViewUserAccount-ShowRegister\" target=\"_blank\">\n\t\t\t\t\t\t\t<img decoding=\"async\" width=\"300\" height=\"169\" src=\"https:\/\/vasterastaekwondo.se\/wp-content\/uploads\/2023\/12\/stadium-se-logo-vector-300x169.png\" class=\"attachment-medium size-medium wp-image-1031\" alt=\"\" srcset=\"https:\/\/vasterastaekwondo.se\/wp-content\/uploads\/2023\/12\/stadium-se-logo-vector-300x169.png 300w, https:\/\/vasterastaekwondo.se\/wp-content\/uploads\/2023\/12\/stadium-se-logo-vector-1024x576.png 1024w, https:\/\/vasterastaekwondo.se\/wp-content\/uploads\/2023\/12\/stadium-se-logo-vector-768x432.png 768w, https:\/\/vasterastaekwondo.se\/wp-content\/uploads\/2023\/12\/stadium-se-logo-vector-1536x864.png 1536w, https:\/\/vasterastaekwondo.se\/wp-content\/uploads\/2023\/12\/stadium-se-logo-vector.png 1600w\" sizes=\"(max-width: 300px) 100vw, 300px\" \/>\t\t\t\t\t\t\t\t<\/a>\n\t\t\t\t\t\t\t\t\t\t\t\t\t\t\t<\/div>\n\t\t\t\t<\/div>\n\t\t\t\t<\/div>\n\t\t<div class=\"elementor-element elementor-element-b9b733f e-con-full e-flex e-con e-child\" data-id=\"b9b733f\" data-element_type=\"container\">\n\t\t\t\t<div class=\"elementor-element elementor-element-7ba922a elementor-widget elementor-widget-text-editor\" data-id=\"7ba922a\" data-element_type=\"widget\" data-widget_type=\"text-editor.default\">\n\t\t\t\t<div class=\"elementor-widget-container\">\n\t\t\t\t\t\t\t\t\t<p><\/p>\n<p>Om du blir Stadium-medlem kan du ge VTK 3% extra i bonus n\u00e4r du handlar p\u00e5 Stadium som privatkund. Samtidigt som du f\u00e5r egen bonus. Och du som redan \u00e4r medlem har v\u00e4l inte gl\u00f6mt att v\u00e4lja V\u00e4ster\u00e5s Taekwondoklubb som den f\u00f6rening du st\u00f6djer?&nbsp;<\/p>\t\t\t\t\t\t\t\t<\/div>\n\t\t\t\t<\/div>\n\t\t\t\t<\/div>\n\t\t\t\t\t<\/div>\n\t\t\t\t<\/div>\n\t\t<div class=\"elementor-element elementor-element-1d4cd60 e-flex e-con-boxed e-con e-parent\" data-id=\"1d4cd60\" data-element_type=\"container\" data-settings=\"{&quot;background_background&quot;:&quot;classic&quot;}\">\n\t\t\t\t\t<div class=\"e-con-inner\">\n\t\t<div class=\"elementor-element elementor-element-db3379f e-con-full e-flex e-con e-child\" data-id=\"db3379f\" data-element_type=\"container\">\n\t\t\t\t<div class=\"elementor-element elementor-element-39e09ff elementor-widget elementor-widget-image\" data-id=\"39e09ff\" data-element_type=\"widget\" data-widget_type=\"image.default\">\n\t\t\t\t<div class=\"elementor-widget-container\">\n\t\t\t\t\t\t\t\t\t\t\t\t\t\t\t\t<a href=\"https:\/\/www.svenskaspel.se\/grasroten\" target=\"_blank\">\n\t\t\t\t\t\t\t<img loading=\"lazy\" decoding=\"async\" width=\"250\" height=\"140\" src=\"https:\/\/vasterastaekwondo.se\/wp-content\/uploads\/2024\/01\/grasroten.jpg\" class=\"attachment-medium size-medium wp-image-1303\" alt=\"\" \/>\t\t\t\t\t\t\t\t<\/a>\n\t\t\t\t\t\t\t\t\t\t\t\t\t\t\t<\/div>\n\t\t\t\t<\/div>\n\t\t\t\t<\/div>\n\t\t<div class=\"elementor-element elementor-element-8d67c0d e-con-full e-flex e-con e-child\" data-id=\"8d67c0d\" data-element_type=\"container\">\n\t\t\t\t<div class=\"elementor-element elementor-element-5243e9c elementor-widget elementor-widget-text-editor\" data-id=\"5243e9c\" data-element_type=\"widget\" data-widget_type=\"text-editor.default\">\n\t\t\t\t<div class=\"elementor-widget-container\">\n\t\t\t\t\t\t\t\t\t<p>\u00a0<\/p><p>St\u00f6d oss n\u00e4r du spelar hos Svenska Spel genom att p\u00e5 ditt konto l\u00e4gga till\u00a0 V\u00e4ster\u00e5s TKD Klubb under Mina gr\u00e4srotenval.<\/p>\t\t\t\t\t\t\t\t<\/div>\n\t\t\t\t<\/div>\n\t\t\t\t<\/div>\n\t\t\t\t\t<\/div>\n\t\t\t\t<\/div>\n\t\t<div class=\"elementor-element elementor-element-6870edc e-flex e-con-boxed e-con e-parent\" data-id=\"6870edc\" data-element_type=\"container\" data-settings=\"{&quot;background_background&quot;:&quot;classic&quot;}\">\n\t\t\t\t\t<div class=\"e-con-inner\">\n\t\t\t\t<div class=\"elementor-element elementor-element-9c7eb03 elementor-widget-divider--view-line elementor-widget elementor-widget-divider\" data-id=\"9c7eb03\" data-element_type=\"widget\" data-widget_type=\"divider.default\">\n\t\t\t\t<div class=\"elementor-widget-container\">\n\t\t\t\t\t\t\t<div class=\"elementor-divider\">\n\t\t\t<span class=\"elementor-divider-separator\">\n\t\t\t\t\t\t<\/span>\n\t\t<\/div>\n\t\t\t\t\t\t<\/div>\n\t\t\t\t<\/div>\n\t\t\t\t\t<\/div>\n\t\t\t\t<\/div>\n\t\t<div class=\"elementor-element elementor-element-ec86def e-flex e-con-boxed e-con e-parent\" data-id=\"ec86def\" data-element_type=\"container\" data-settings=\"{&quot;background_background&quot;:&quot;classic&quot;}\">\n\t\t\t\t\t<div class=\"e-con-inner\">\n\t\t\t\t<div class=\"elementor-element elementor-element-a6ed018 elementor-view-default elementor-widget elementor-widget-icon\" data-id=\"a6ed018\" data-element_type=\"widget\" data-widget_type=\"icon.default\">\n\t\t\t\t<div class=\"elementor-widget-container\">\n\t\t\t\t\t\t\t<div class=\"elementor-icon-wrapper\">\n\t\t\t<div class=\"elementor-icon\">\n\t\t\t<svg aria-hidden=\"true\" class=\"e-font-icon-svg e-fas-star\" viewBox=\"0 0 576 512\" xmlns=\"http:\/\/www.w3.org\/2000\/svg\"><path d=\"M259.3 17.8L194 150.2 47.9 171.5c-26.2 3.8-36.7 36.1-17.7 54.6l105.7 103-25 145.5c-4.5 26.3 23.2 46 46.4 33.7L288 439.6l130.7 68.7c23.2 12.2 50.9-7.4 46.4-33.7l-25-145.5 105.7-103c19-18.5 8.5-50.8-17.7-54.6L382 150.2 316.7 17.8c-11.7-23.6-45.6-23.9-57.4 0z\"><\/path><\/svg>\t\t\t<\/div>\n\t\t<\/div>\n\t\t\t\t\t\t<\/div>\n\t\t\t\t<\/div>\n\t\t\t\t<div class=\"elementor-element elementor-element-a801931 elementor-widget elementor-widget-text-editor\" data-id=\"a801931\" data-element_type=\"widget\" data-widget_type=\"text-editor.default\">\n\t\t\t\t<div class=\"elementor-widget-container\">\n\t\t\t\t\t\t\t\t\t<p>Vi erbjuder ett antal olika sponsorpaket f\u00f6r de som vill st\u00f6dja oss lite extra. Kontakta oss via <a href=\"http:\/\/vasterastaekwondo.se\/?page_id=312\">kontaktformul\u00e4ret<\/a> f\u00f6r mer information.<\/p>\t\t\t\t\t\t\t\t<\/div>\n\t\t\t\t<\/div>\n\t\t\t\t\t<\/div>\n\t\t\t\t<\/div>\n\t\t<div class=\"elementor-element elementor-element-3ad73fe e-flex e-con-boxed e-con e-parent\" data-id=\"3ad73fe\" data-element_type=\"container\" data-settings=\"{&quot;background_background&quot;:&quot;classic&quot;}\">\n\t\t\t\t\t<div class=\"e-con-inner\">\n\t\t\t\t<div class=\"elementor-element elementor-element-eb8d6c9 elementor-widget-divider--view-line elementor-widget elementor-widget-divider\" data-id=\"eb8d6c9\" data-element_type=\"widget\" data-widget_type=\"divider.default\">\n\t\t\t\t<div class=\"elementor-widget-container\">\n\t\t\t\t\t\t\t<div class=\"elementor-divider\">\n\t\t\t<span class=\"elementor-divider-separator\">\n\t\t\t\t\t\t<\/span>\n\t\t<\/div>\n\t\t\t\t\t\t<\/div>\n\t\t\t\t<\/div>\n\t\t\t\t\t<\/div>\n\t\t\t\t<\/div>\n\t\t\t\t<\/div>\n\t\t","protected":false},"excerpt":{"rendered":"<p>St\u00f6d oss Som en liten ideel f\u00f6rening s\u00e5 \u00e4r vi tacksamma f\u00f6r all ekonomiskt st\u00f6d som vi kan f\u00e5 f\u00f6r att kunna utveckla v\u00e5r klubb. Nedan finner ni hur ni kan st\u00f6dja oss p\u00e5 olika s\u00e4tt. Vill ni st\u00f6dja oss ekonomiskt s\u00e5 \u00e4r vi v\u00e4ldigt tacksamma f\u00f6r alla bidrag. Stora som sm\u00e5. Tack p\u00e5 f\u00f6rhand! [&hellip;]<\/p>\n","protected":false},"author":1,"featured_media":0,"parent":0,"menu_order":0,"comment_status":"closed","ping_status":"closed","template":"","meta":{"site-sidebar-layout":"no-sidebar","site-content-layout":"page-builder","ast-site-content-layout":"full-width-container","site-content-style":"unboxed","site-sidebar-style":"unboxed","ast-global-header-display":"","ast-banner-title-visibility":"","ast-main-header-display":"","ast-hfb-above-header-display":"","ast-hfb-below-header-display":"","ast-hfb-mobile-header-display":"","site-post-title":"disabled","ast-breadcrumbs-content":"disabled","ast-featured-img":"disabled","footer-sml-layout":"","theme-transparent-header-meta":"enabled","adv-header-id-meta":"","stick-header-meta":"","header-above-stick-meta":"","header-main-stick-meta":"","header-below-stick-meta":"","astra-migrate-meta-layouts":"set","ast-page-background-enabled":"default","ast-page-background-meta":{"desktop":{"background-color":"var(--ast-global-color-4)","background-image":"","background-repeat":"repeat","background-position":"center center","background-size":"auto","background-attachment":"scroll","background-type":"","background-media":"","overlay-type":"","overlay-color":"","overlay-gradient":""},"tablet":{"background-color":"","background-image":"","background-repeat":"repeat","background-position":"center center","background-size":"auto","background-attachment":"scroll","background-type":"","background-media":"","overlay-type":"","overlay-color":"","overlay-gradient":""},"mobile":{"background-color":"","background-image":"","background-repeat":"repeat","background-position":"center center","background-size":"auto","background-attachment":"scroll","background-type":"","background-media":"","overlay-type":"","overlay-color":"","overlay-gradient":""}},"ast-content-background-meta":{"desktop":{"background-color":"var(--ast-global-color-5)","background-image":"","background-repeat":"repeat","background-position":"center center","background-size":"auto","background-attachment":"scroll","background-type":"","background-media":"","overlay-type":"","overlay-color":"","overlay-gradient":""},"tablet":{"background-color":"var(--ast-global-color-5)","background-image":"","background-repeat":"repeat","background-position":"center center","background-size":"auto","background-attachment":"scroll","background-type":"","background-media":"","overlay-type":"","overlay-color":"","overlay-gradient":""},"mobile":{"background-color":"var(--ast-global-color-5)","background-image":"","background-repeat":"repeat","background-position":"center center","background-size":"auto","background-attachment":"scroll","background-type":"","background-media":"","overlay-type":"","overlay-color":"","overlay-gradient":""}},"footnotes":""},"class_list":["post-686","page","type-page","status-publish","hentry"],"_links":{"self":[{"href":"https:\/\/vasterastaekwondo.se\/index.php?rest_route=\/wp\/v2\/pages\/686","targetHints":{"allow":["GET"]}}],"collection":[{"href":"https:\/\/vasterastaekwondo.se\/index.php?rest_route=\/wp\/v2\/pages"}],"about":[{"href":"https:\/\/vasterastaekwondo.se\/index.php?rest_route=\/wp\/v2\/types\/page"}],"author":[{"embeddable":true,"href":"https:\/\/vasterastaekwondo.se\/index.php?rest_route=\/wp\/v2\/users\/1"}],"replies":[{"embeddable":true,"href":"https:\/\/vasterastaekwondo.se\/index.php?rest_route=%2Fwp%2Fv2%2Fcomments&post=686"}],"version-history":[{"count":0,"href":"https:\/\/vasterastaekwondo.se\/index.php?rest_route=\/wp\/v2\/pages\/686\/revisions"}],"wp:attachment":[{"href":"https:\/\/vasterastaekwondo.se\/index.php?rest_route=%2Fwp%2Fv2%2Fmedia&parent=686"}],"curies":[{"name":"wp","href":"https:\/\/api.w.org\/{rel}","templated":true}]}}