{"id":2465,"date":"2024-03-25T10:20:18","date_gmt":"2024-03-25T09:20:18","guid":{"rendered":"http:\/\/vasterastaekwondo.se\/?page_id=2465"},"modified":"2025-11-04T16:31:35","modified_gmt":"2025-11-04T15:31:35","slug":"poomsae-team-elite","status":"publish","type":"page","link":"https:\/\/vasterastaekwondo.se\/?page_id=2465","title":{"rendered":"PTE"},"content":{"rendered":"\t\t<div data-elementor-type=\"wp-page\" data-elementor-id=\"2465\" class=\"elementor elementor-2465\">\n\t\t\t\t\t\t<section class=\"elementor-section elementor-top-section elementor-element elementor-element-676f307 elementor-section-boxed elementor-section-height-default elementor-section-height-default\" data-id=\"676f307\" data-element_type=\"section\" data-settings=\"{&quot;background_background&quot;:&quot;classic&quot;}\">\n\t\t\t\t\t\t\t<div class=\"elementor-background-overlay\"><\/div>\n\t\t\t\t\t\t\t<div class=\"elementor-container elementor-column-gap-no\">\n\t\t\t\t\t<div class=\"elementor-column elementor-col-100 elementor-top-column elementor-element elementor-element-cfd909f\" data-id=\"cfd909f\" data-element_type=\"column\">\n\t\t\t<div class=\"elementor-widget-wrap elementor-element-populated\">\n\t\t\t\t\t\t<div class=\"elementor-element elementor-element-fd6730a elementor-widget elementor-widget-heading\" data-id=\"fd6730a\" data-element_type=\"widget\" data-widget_type=\"heading.default\">\n\t\t\t\t<div class=\"elementor-widget-container\">\n\t\t\t\t\t<h1 class=\"elementor-heading-title elementor-size-default\">Poomsae Team Elite<\/h1>\t\t\t\t<\/div>\n\t\t\t\t<\/div>\n\t\t\t\t\t<\/div>\n\t\t<\/div>\n\t\t\t\t\t<\/div>\n\t\t<\/section>\n\t\t<div class=\"elementor-element elementor-element-7ca14e3 e-flex e-con-boxed e-con e-parent\" data-id=\"7ca14e3\" data-element_type=\"container\" data-settings=\"{&quot;background_background&quot;:&quot;classic&quot;}\">\n\t\t\t\t\t<div class=\"e-con-inner\">\n\t\t\t\t<div class=\"elementor-element elementor-element-09aeff6 elementor-widget elementor-widget-spacer\" data-id=\"09aeff6\" data-element_type=\"widget\" data-widget_type=\"spacer.default\">\n\t\t\t\t<div class=\"elementor-widget-container\">\n\t\t\t\t\t\t\t<div class=\"elementor-spacer\">\n\t\t\t<div class=\"elementor-spacer-inner\"><\/div>\n\t\t<\/div>\n\t\t\t\t\t\t<\/div>\n\t\t\t\t<\/div>\n\t\t\t\t\t<\/div>\n\t\t\t\t<\/div>\n\t\t<div class=\"elementor-element elementor-element-9158eb7 e-flex e-con-boxed e-con e-parent\" data-id=\"9158eb7\" data-element_type=\"container\" data-settings=\"{&quot;background_background&quot;:&quot;classic&quot;}\">\n\t\t\t\t\t<div class=\"e-con-inner\">\n\t\t\t\t<div class=\"elementor-element elementor-element-133e13d elementor-widget-divider--view-line elementor-widget elementor-widget-divider\" data-id=\"133e13d\" data-element_type=\"widget\" data-widget_type=\"divider.default\">\n\t\t\t\t<div class=\"elementor-widget-container\">\n\t\t\t\t\t\t\t<div class=\"elementor-divider\">\n\t\t\t<span class=\"elementor-divider-separator\">\n\t\t\t\t\t\t<\/span>\n\t\t<\/div>\n\t\t\t\t\t\t<\/div>\n\t\t\t\t<\/div>\n\t\t\t\t\t<\/div>\n\t\t\t\t<\/div>\n\t\t<div class=\"elementor-element elementor-element-5bb8bca e-flex e-con-boxed e-con e-parent\" data-id=\"5bb8bca\" data-element_type=\"container\" data-settings=\"{&quot;background_background&quot;:&quot;classic&quot;}\">\n\t\t\t\t\t<div class=\"e-con-inner\">\n\t\t<div class=\"elementor-element elementor-element-e1b433d e-con-full e-flex e-con e-child\" data-id=\"e1b433d\" data-element_type=\"container\" data-settings=\"{&quot;background_background&quot;:&quot;classic&quot;}\">\n\t\t\t\t<div class=\"elementor-element elementor-element-4f21658 elementor-widget elementor-widget-heading\" data-id=\"4f21658\" data-element_type=\"widget\" data-widget_type=\"heading.default\">\n\t\t\t\t<div class=\"elementor-widget-container\">\n\t\t\t\t\t<h2 class=\"elementor-heading-title elementor-size-default\">Poomsae  Team Elite<\/h2>\t\t\t\t<\/div>\n\t\t\t\t<\/div>\n\t\t\t\t<div class=\"elementor-element elementor-element-2f09ac8 elementor-widget elementor-widget-text-editor\" data-id=\"2f09ac8\" data-element_type=\"widget\" data-widget_type=\"text-editor.default\">\n\t\t\t\t<div class=\"elementor-widget-container\">\n\t\t\t\t\t\t\t\t\t<p>V\u00e4ster\u00e5s Taekwondoklubb ger sp\u00e4nnande m\u00f6jligheter kring t\u00e4vlingspoomsae via ett unikt samarbete i Region \u00d6st.<br>Tillsammans med f\u00f6reningarna V\u00e4ster\u00e5s Taekwondo, Trosa Taekwondo, Kampsportshuset &amp; Stockholm Taekwondo s\u00e5 driver f\u00f6reningarna ett gemensamt t\u00e4vlingslag som g\u00e5r under namnet Poomsae Team Elite IF (PTE). PTE \u00e4r en frist\u00e5ende idrottsf\u00f6rening ansluten till STF, STU och \u00d6STF som arrangerar tr\u00e4ningar, l\u00e4ger och resor till t\u00e4vlingar tillsammans och har som huvuduppgifter att skapa en plattform d\u00e4r respektive klubbs medlemmar f\u00e5r chansen att tr\u00e4ffas och tr\u00e4na tillsammans. Ut\u00f6ver f\u00f6reningarna ovan s\u00e5 har PTE \u00e4ven samarbete med Vallentuna TKD, Botkyrka TKD, Eskilstuna TKD mfl.<\/p>\n<p>PTE har sedan start (2016) vunnit m\u00e4ngder med fina medaljer p\u00e5 SM, NM, EM och G-klass t\u00e4vlingar, haft representation i landslaget och plockat hem b\u00e4sta klubb priser. <br>Dock \u00e4r det sekund\u00e4rt d\u00e5 fokus alltid ligger p\u00e5 utveckling, gl\u00e4dje och gemenskap. Majoriteten av de som tr\u00e4nar poomsae t\u00e4vlar inte aktivt och ser poomsae tr\u00e4ningen som erbjuds via PTE som ett fantastiskt komplement till ordinarie tr\u00e4ningen.<br>\u2028Som medlem hos V\u00e4ster\u00e5s Taekwonodoklubb s\u00e5 har du m\u00f6jlighet att tr\u00e4na poomsae ut\u00f6ver vanliga tr\u00e4ningsgruppen tillsammans med f\u00f6reningens erfarna ledare.<br>F\u00f6r att delta s\u00e5 ska du ha en viss erfarenhet av taekwondo (ca 2 terminers tr\u00e4ning) och provtr\u00e4ning sker i samr\u00e5d med ansvariga ledare.<\/p>\t\t\t\t\t\t\t\t<\/div>\n\t\t\t\t<\/div>\n\t\t\t\t<\/div>\n\t\t<div class=\"elementor-element elementor-element-b792d01 e-con-full e-flex e-con e-child\" data-id=\"b792d01\" data-element_type=\"container\" data-settings=\"{&quot;background_background&quot;:&quot;classic&quot;}\">\n\t\t\t\t<div class=\"elementor-element elementor-element-0137402 elementor-widget elementor-widget-spacer\" data-id=\"0137402\" data-element_type=\"widget\" data-widget_type=\"spacer.default\">\n\t\t\t\t<div class=\"elementor-widget-container\">\n\t\t\t\t\t\t\t<div class=\"elementor-spacer\">\n\t\t\t<div class=\"elementor-spacer-inner\"><\/div>\n\t\t<\/div>\n\t\t\t\t\t\t<\/div>\n\t\t\t\t<\/div>\n\t\t\t\t<div class=\"elementor-element elementor-element-b492468 elementor-widget elementor-widget-image\" data-id=\"b492468\" data-element_type=\"widget\" data-widget_type=\"image.default\">\n\t\t\t\t<div class=\"elementor-widget-container\">\n\t\t\t\t\t\t\t\t\t\t\t\t\t\t\t\t<a href=\"https:\/\/www.instagram.com\/poomsaeteamelite\/\" target=\"_blank\">\n\t\t\t\t\t\t\t<img fetchpriority=\"high\" decoding=\"async\" width=\"768\" height=\"878\" src=\"https:\/\/vasterastaekwondo.se\/wp-content\/uploads\/2024\/12\/MBF_3009-scaled-e1733835715109-768x878.webp\" class=\"attachment-medium_large size-medium_large wp-image-3574\" alt=\"\" srcset=\"https:\/\/vasterastaekwondo.se\/wp-content\/uploads\/2024\/12\/MBF_3009-scaled-e1733835715109-768x878.webp 768w, https:\/\/vasterastaekwondo.se\/wp-content\/uploads\/2024\/12\/MBF_3009-scaled-e1733835715109-262x300.webp 262w, https:\/\/vasterastaekwondo.se\/wp-content\/uploads\/2024\/12\/MBF_3009-scaled-e1733835715109-895x1024.webp 895w\" sizes=\"(max-width: 768px) 100vw, 768px\" \/>\t\t\t\t\t\t\t\t<\/a>\n\t\t\t\t\t\t\t\t\t\t\t\t\t\t\t<\/div>\n\t\t\t\t<\/div>\n\t\t<div class=\"elementor-element elementor-element-85e9987 e-grid e-con-full e-con e-child\" data-id=\"85e9987\" data-element_type=\"container\">\n\t\t\t\t<div class=\"elementor-element elementor-element-9527f44 elementor-widget elementor-widget-image\" data-id=\"9527f44\" data-element_type=\"widget\" data-widget_type=\"image.default\">\n\t\t\t\t<div class=\"elementor-widget-container\">\n\t\t\t\t\t\t\t\t\t\t\t\t\t\t\t<img decoding=\"async\" width=\"214\" height=\"300\" src=\"https:\/\/vasterastaekwondo.se\/wp-content\/uploads\/2024\/12\/MBF_2697-scaled-e1733835999160-214x300.jpg\" class=\"attachment-medium size-medium wp-image-3575\" alt=\"\" srcset=\"https:\/\/vasterastaekwondo.se\/wp-content\/uploads\/2024\/12\/MBF_2697-scaled-e1733835999160-214x300.jpg 214w, https:\/\/vasterastaekwondo.se\/wp-content\/uploads\/2024\/12\/MBF_2697-scaled-e1733835999160-729x1024.jpg 729w, https:\/\/vasterastaekwondo.se\/wp-content\/uploads\/2024\/12\/MBF_2697-scaled-e1733835999160-768x1078.jpg 768w\" sizes=\"(max-width: 214px) 100vw, 214px\" \/>\t\t\t\t\t\t\t\t\t\t\t\t\t\t\t<\/div>\n\t\t\t\t<\/div>\n\t\t\t\t<div class=\"elementor-element elementor-element-df4316b elementor-widget elementor-widget-image\" data-id=\"df4316b\" data-element_type=\"widget\" data-widget_type=\"image.default\">\n\t\t\t\t<div class=\"elementor-widget-container\">\n\t\t\t\t\t\t\t\t\t\t\t\t\t\t\t<img decoding=\"async\" width=\"180\" height=\"300\" src=\"https:\/\/vasterastaekwondo.se\/wp-content\/uploads\/2024\/12\/MBF_2204-scaled-e1733836523671-180x300.jpg\" class=\"attachment-medium size-medium wp-image-3579\" alt=\"\" srcset=\"https:\/\/vasterastaekwondo.se\/wp-content\/uploads\/2024\/12\/MBF_2204-scaled-e1733836523671-180x300.jpg 180w, https:\/\/vasterastaekwondo.se\/wp-content\/uploads\/2024\/12\/MBF_2204-scaled-e1733836523671-615x1024.jpg 615w, https:\/\/vasterastaekwondo.se\/wp-content\/uploads\/2024\/12\/MBF_2204-scaled-e1733836523671-768x1280.jpg 768w, https:\/\/vasterastaekwondo.se\/wp-content\/uploads\/2024\/12\/MBF_2204-scaled-e1733836523671.jpg 896w\" sizes=\"(max-width: 180px) 100vw, 180px\" \/>\t\t\t\t\t\t\t\t\t\t\t\t\t\t\t<\/div>\n\t\t\t\t<\/div>\n\t\t\t\t<\/div>\n\t\t\t\t<\/div>\n\t\t\t\t\t<\/div>\n\t\t\t\t<\/div>\n\t\t<div class=\"elementor-element elementor-element-3ad73fe e-flex e-con-boxed e-con e-parent\" data-id=\"3ad73fe\" data-element_type=\"container\" data-settings=\"{&quot;background_background&quot;:&quot;classic&quot;}\">\n\t\t\t\t\t<div class=\"e-con-inner\">\n\t\t\t\t<div class=\"elementor-element elementor-element-eb8d6c9 elementor-widget-divider--view-line elementor-widget elementor-widget-divider\" data-id=\"eb8d6c9\" data-element_type=\"widget\" data-widget_type=\"divider.default\">\n\t\t\t\t<div class=\"elementor-widget-container\">\n\t\t\t\t\t\t\t<div class=\"elementor-divider\">\n\t\t\t<span class=\"elementor-divider-separator\">\n\t\t\t\t\t\t<\/span>\n\t\t<\/div>\n\t\t\t\t\t\t<\/div>\n\t\t\t\t<\/div>\n\t\t\t\t\t<\/div>\n\t\t\t\t<\/div>\n\t\t<div class=\"elementor-element elementor-element-a7b3075 e-flex e-con-boxed e-con e-parent\" data-id=\"a7b3075\" data-element_type=\"container\">\n\t\t\t\t\t<div class=\"e-con-inner\">\n\t\t<div class=\"elementor-element elementor-element-b975759 e-con-full e-flex e-con e-child\" data-id=\"b975759\" data-element_type=\"container\">\n\t\t\t\t<div class=\"elementor-element elementor-element-b4242b1 elementor-widget elementor-widget-image\" data-id=\"b4242b1\" data-element_type=\"widget\" data-widget_type=\"image.default\">\n\t\t\t\t<div class=\"elementor-widget-container\">\n\t\t\t\t\t\t\t\t\t\t\t\t\t\t\t\t<a href=\"https:\/\/www.trosatkd.se\/\" target=\"_blank\">\n\t\t\t\t\t\t\t<img loading=\"lazy\" decoding=\"async\" width=\"150\" height=\"150\" src=\"https:\/\/vasterastaekwondo.se\/wp-content\/uploads\/2024\/03\/trosa-150x150.png\" class=\"elementor-animation-grow attachment-thumbnail size-thumbnail wp-image-2478\" alt=\"\" \/>\t\t\t\t\t\t\t\t<\/a>\n\t\t\t\t\t\t\t\t\t\t\t\t\t\t\t<\/div>\n\t\t\t\t<\/div>\n\t\t\t\t<\/div>\n\t\t<div class=\"elementor-element elementor-element-e5792a5 e-con-full e-flex e-con e-child\" data-id=\"e5792a5\" data-element_type=\"container\">\n\t\t\t\t<div class=\"elementor-element elementor-element-7a092ba elementor-widget elementor-widget-image\" data-id=\"7a092ba\" data-element_type=\"widget\" data-widget_type=\"image.default\">\n\t\t\t\t<div class=\"elementor-widget-container\">\n\t\t\t\t\t\t\t\t\t\t\t\t\t\t\t\t<a href=\"https:\/\/www.kampsportshuset.se\/\" target=\"_blank\">\n\t\t\t\t\t\t\t<img loading=\"lazy\" decoding=\"async\" width=\"100\" height=\"91\" src=\"https:\/\/vasterastaekwondo.se\/wp-content\/uploads\/2024\/03\/KSH_symbol_100px.png\" class=\"elementor-animation-grow attachment-large size-large wp-image-2479\" alt=\"\" \/>\t\t\t\t\t\t\t\t<\/a>\n\t\t\t\t\t\t\t\t\t\t\t\t\t\t\t<\/div>\n\t\t\t\t<\/div>\n\t\t\t\t<\/div>\n\t\t<div class=\"elementor-element elementor-element-acb79be e-con-full e-flex e-con e-child\" data-id=\"acb79be\" data-element_type=\"container\">\n\t\t\t\t<div class=\"elementor-element elementor-element-437ded6 elementor-widget elementor-widget-image\" data-id=\"437ded6\" data-element_type=\"widget\" data-widget_type=\"image.default\">\n\t\t\t\t<div class=\"elementor-widget-container\">\n\t\t\t\t\t\t\t\t\t\t\t\t\t\t\t\t<a href=\"https:\/\/www.stockholmtaekwondo.se\/\" target=\"_blank\">\n\t\t\t\t\t\t\t<img loading=\"lazy\" decoding=\"async\" width=\"150\" height=\"150\" src=\"https:\/\/vasterastaekwondo.se\/wp-content\/uploads\/2025\/11\/stockholm-taekwondo-logo-svart-1000px-square-150x150.jpg\" class=\"elementor-animation-grow attachment-thumbnail size-thumbnail wp-image-4210\" alt=\"\" srcset=\"https:\/\/vasterastaekwondo.se\/wp-content\/uploads\/2025\/11\/stockholm-taekwondo-logo-svart-1000px-square-150x150.jpg 150w, https:\/\/vasterastaekwondo.se\/wp-content\/uploads\/2025\/11\/stockholm-taekwondo-logo-svart-1000px-square-300x300.jpg 300w, https:\/\/vasterastaekwondo.se\/wp-content\/uploads\/2025\/11\/stockholm-taekwondo-logo-svart-1000px-square-768x768.jpg 768w, https:\/\/vasterastaekwondo.se\/wp-content\/uploads\/2025\/11\/stockholm-taekwondo-logo-svart-1000px-square.jpg 1000w\" sizes=\"(max-width: 150px) 100vw, 150px\" \/>\t\t\t\t\t\t\t\t<\/a>\n\t\t\t\t\t\t\t\t\t\t\t\t\t\t\t<\/div>\n\t\t\t\t<\/div>\n\t\t\t\t<\/div>\n\t\t\t\t\t<\/div>\n\t\t\t\t<\/div>\n\t\t<div class=\"elementor-element elementor-element-6cde1cc e-flex e-con-boxed e-con e-parent\" data-id=\"6cde1cc\" data-element_type=\"container\">\n\t\t\t\t\t<div class=\"e-con-inner\">\n\t\t\t\t<div class=\"elementor-element elementor-element-8f3899f elementor-widget elementor-widget-spacer\" data-id=\"8f3899f\" data-element_type=\"widget\" data-widget_type=\"spacer.default\">\n\t\t\t\t<div class=\"elementor-widget-container\">\n\t\t\t\t\t\t\t<div class=\"elementor-spacer\">\n\t\t\t<div class=\"elementor-spacer-inner\"><\/div>\n\t\t<\/div>\n\t\t\t\t\t\t<\/div>\n\t\t\t\t<\/div>\n\t\t\t\t\t<\/div>\n\t\t\t\t<\/div>\n\t\t\t\t<\/div>\n\t\t","protected":false},"excerpt":{"rendered":"<p>Poomsae Team Elite Poomsae Team Elite V\u00e4ster\u00e5s Taekwondoklubb ger sp\u00e4nnande m\u00f6jligheter kring t\u00e4vlingspoomsae via ett unikt samarbete i Region \u00d6st.Tillsammans med f\u00f6reningarna V\u00e4ster\u00e5s Taekwondo, Trosa Taekwondo, Kampsportshuset &amp; Stockholm Taekwondo s\u00e5 driver f\u00f6reningarna ett gemensamt t\u00e4vlingslag som g\u00e5r under namnet Poomsae Team Elite IF (PTE). PTE \u00e4r en frist\u00e5ende idrottsf\u00f6rening ansluten till STF, STU och [&hellip;]<\/p>\n","protected":false},"author":1,"featured_media":0,"parent":0,"menu_order":0,"comment_status":"closed","ping_status":"closed","template":"","meta":{"site-sidebar-layout":"no-sidebar","site-content-layout":"page-builder","ast-site-content-layout":"full-width-container","site-content-style":"unboxed","site-sidebar-style":"unboxed","ast-global-header-display":"","ast-banner-title-visibility":"","ast-main-header-display":"","ast-hfb-above-header-display":"","ast-hfb-below-header-display":"","ast-hfb-mobile-header-display":"","site-post-title":"disabled","ast-breadcrumbs-content":"disabled","ast-featured-img":"disabled","footer-sml-layout":"","theme-transparent-header-meta":"enabled","adv-header-id-meta":"","stick-header-meta":"","header-above-stick-meta":"","header-main-stick-meta":"","header-below-stick-meta":"","astra-migrate-meta-layouts":"set","ast-page-background-enabled":"default","ast-page-background-meta":{"desktop":{"background-color":"var(--ast-global-color-4)","background-image":"","background-repeat":"repeat","background-position":"center center","background-size":"auto","background-attachment":"scroll","background-type":"","background-media":"","overlay-type":"","overlay-color":"","overlay-gradient":""},"tablet":{"background-color":"","background-image":"","background-repeat":"repeat","background-position":"center center","background-size":"auto","background-attachment":"scroll","background-type":"","background-media":"","overlay-type":"","overlay-color":"","overlay-gradient":""},"mobile":{"background-color":"","background-image":"","background-repeat":"repeat","background-position":"center center","background-size":"auto","background-attachment":"scroll","background-type":"","background-media":"","overlay-type":"","overlay-color":"","overlay-gradient":""}},"ast-content-background-meta":{"desktop":{"background-color":"var(--ast-global-color-5)","background-image":"","background-repeat":"repeat","background-position":"center center","background-size":"auto","background-attachment":"scroll","background-type":"","background-media":"","overlay-type":"","overlay-color":"","overlay-gradient":""},"tablet":{"background-color":"var(--ast-global-color-5)","background-image":"","background-repeat":"repeat","background-position":"center center","background-size":"auto","background-attachment":"scroll","background-type":"","background-media":"","overlay-type":"","overlay-color":"","overlay-gradient":""},"mobile":{"background-color":"var(--ast-global-color-5)","background-image":"","background-repeat":"repeat","background-position":"center center","background-size":"auto","background-attachment":"scroll","background-type":"","background-media":"","overlay-type":"","overlay-color":"","overlay-gradient":""}},"footnotes":""},"class_list":["post-2465","page","type-page","status-publish","hentry"],"_links":{"self":[{"href":"https:\/\/vasterastaekwondo.se\/index.php?rest_route=\/wp\/v2\/pages\/2465","targetHints":{"allow":["GET"]}}],"collection":[{"href":"https:\/\/vasterastaekwondo.se\/index.php?rest_route=\/wp\/v2\/pages"}],"about":[{"href":"https:\/\/vasterastaekwondo.se\/index.php?rest_route=\/wp\/v2\/types\/page"}],"author":[{"embeddable":true,"href":"https:\/\/vasterastaekwondo.se\/index.php?rest_route=\/wp\/v2\/users\/1"}],"replies":[{"embeddable":true,"href":"https:\/\/vasterastaekwondo.se\/index.php?rest_route=%2Fwp%2Fv2%2Fcomments&post=2465"}],"version-history":[{"count":24,"href":"https:\/\/vasterastaekwondo.se\/index.php?rest_route=\/wp\/v2\/pages\/2465\/revisions"}],"predecessor-version":[{"id":4219,"href":"https:\/\/vasterastaekwondo.se\/index.php?rest_route=\/wp\/v2\/pages\/2465\/revisions\/4219"}],"wp:attachment":[{"href":"https:\/\/vasterastaekwondo.se\/index.php?rest_route=%2Fwp%2Fv2%2Fmedia&parent=2465"}],"curies":[{"name":"wp","href":"https:\/\/api.w.org\/{rel}","templated":true}]}}